{"id":9,"date":"2017-10-05T23:11:57","date_gmt":"2017-10-06T05:11:57","guid":{"rendered":"http:\/\/fundacionmisericordiayverdad.com\/portal\/?page_id=9"},"modified":"2023-05-12T10:31:45","modified_gmt":"2023-05-12T17:31:45","slug":"homehome","status":"publish","type":"page","link":"https:\/\/misericordiayverdad.com\/en\/","title":{"rendered":"Inicio"},"content":{"rendered":"<p><\/p>\n<h1 style=\"text-align: center;\">\u00bfQui\u00e9nes somos?<\/h1>\n<p style=\"text-align: center;\">Somos una asociaci\u00f3n civil sin fines de lucro, para esta asociaci\u00f3n los m\u00e1s importante son las personas y el n\u00facleo familiar. Es por eso que la Fundaci\u00f3n se enfoca en ser parte de la soluci\u00f3n\u00a0 a esta necesidad tan apremiante, formando un equipo de colaboradores y benefactores\u00a0 dispuestos a contribuir a este gran reto y maravilloso proyecto de bienestar de vida.<\/p>\n<p><\/p>","protected":false},"excerpt":{"rendered":"<p>\u00bfQui\u00e9nes somos? Somos una asociaci\u00f3n civil sin fines de lucro, para esta asociaci\u00f3n los m\u00e1s importante son las personas y el n\u00facleo familiar. Es por eso que la Fundaci\u00f3n se enfoca en ser parte de la soluci\u00f3n\u00a0 a esta necesidad tan apremiante, formando un equipo de colaboradores y benefactores\u00a0 dispuestos a contribuir a este gran reto y maravilloso proyecto de bienestar de vida.<\/p>\n","protected":false},"author":2,"featured_media":0,"parent":0,"menu_order":0,"comment_status":"closed","ping_status":"closed","template":"","meta":[],"_links":{"self":[{"href":"https:\/\/misericordiayverdad.com\/en\/wp-json\/wp\/v2\/pages\/9"}],"collection":[{"href":"https:\/\/misericordiayverdad.com\/en\/wp-json\/wp\/v2\/pages"}],"about":[{"href":"https:\/\/misericordiayverdad.com\/en\/wp-json\/wp\/v2\/types\/page"}],"author":[{"embeddable":true,"href":"https:\/\/misericordiayverdad.com\/en\/wp-json\/wp\/v2\/users\/2"}],"replies":[{"embeddable":true,"href":"https:\/\/misericordiayverdad.com\/en\/wp-json\/wp\/v2\/comments?post=9"}],"version-history":[{"count":25,"href":"https:\/\/misericordiayverdad.com\/en\/wp-json\/wp\/v2\/pages\/9\/revisions"}],"predecessor-version":[{"id":284,"href":"https:\/\/misericordiayverdad.com\/en\/wp-json\/wp\/v2\/pages\/9\/revisions\/284"}],"wp:attachment":[{"href":"https:\/\/misericordiayverdad.com\/en\/wp-json\/wp\/v2\/media?parent=9"}],"curies":[{"name":"wp","href":"https:\/\/api.w.org\/{rel}","templated":true}]}}